{"id":3034,"date":"2016-06-17T16:36:45","date_gmt":"2016-06-17T14:36:45","guid":{"rendered":"http:\/\/www.act-gesundheitspraxis.ch\/?page_id=3034"},"modified":"2021-03-08T15:43:04","modified_gmt":"2021-03-08T14:43:04","slug":"impressum","status":"publish","type":"page","link":"https:\/\/www.act-gesundheitspraxis.ch\/en\/impressum\/","title":{"rendered":"Imprint"},"content":{"rendered":"<p>[vc_row rt_row_background_width=&#8221;default&#8221; rt_row_style=&#8221;default-style&#8221; rt_row_borders=&#8221;&#8221; rt_row_paddings=&#8221;true&#8221; rt_bg_effect=&#8221;classic&#8221; rt_bg_image_repeat=&#8221;repeat&#8221; rt_bg_size=&#8221;cover&#8221; rt_bg_position=&#8221;right top&#8221; rt_bg_attachment=&#8221;scroll&#8221; rt_bg_video_format=&#8221;self-hosted&#8221;][vc_column rt_bg_image_repeat=&#8221;repeat&#8221; rt_bg_size=&#8221;auto auto&#8221; rt_bg_attachment=&#8221;scroll&#8221;][vc_column_text]<\/p>\n<div class=\"wpb_text_column wpb_content_element \">\n<div class=\"wpb_wrapper\">\n<p><strong>A.C.T. Gesundheitspraxis<\/strong><\/p>\n<p>Dr. rer. nat. Anja Twiehaus<\/p>\n<p>Strickstr. 1<br \/>\nUster<\/p>\n<p>Mobil 076 \/ 722 29 18<br \/>\n<a href=\"mailto:info@act-gesundheitspraxis.ch\">info@act-gesundheitspraxis.ch<\/a><br \/>\n<a href=\"http:\/\/www.act-gesundheitspraxis.ch\">www.act-gesundheitspraxis.ch<\/a><\/p>\n<p>\u00a9 Anja Twiehaus |\u00a0<strong>A.C.T. Gesundheitspraxis<\/strong> | 2018<\/p>\n<p>Erstellung der Webseite: Sandra Felsch | iXYpsilon &#8211; Webdesign &amp; Programmierung | <a href=\"http:\/\/www.ixypsilon.de\" target=\"_blank\" rel=\"noopener noreferrer\">www.ixypsilon.de<\/a><\/p>\n<p>Alle Rechte vorbehalten. Die auf der Webseite verwendeten Texte, Bilder, Grafiken, Entw\u00fcrfe usw. unterliegen dem Urheberrecht und anderen Gesetzen zum Schutz des geistigen Eigentums. Ihre Weitergabe, Ver\u00e4nderung, gewerbliche Nutzung oder Verwendung in anderen Webseiten oder Medien ist nicht gestattet.<\/p>\n<p>Hinweis:<br \/>\nBei den angebotenen Therapien handelt es sich um Verfahren der alternativen Medizin, deren Wirksamkeit naturwissenschaftlich und schulmedizinisch zumeist nicht nachgewiesen und anerkannt ist.Haftungshinweis:<br \/>\nTrotz sorgf\u00e4ltiger inhaltlicher Kontrolle \u00fcbernehmen wir keine Haftung f\u00fcr die Inhalte externer Links. F\u00fcr den Inhalt der verlinkten Seiten sind ausschlie\u00dflich deren Betreiber verantwortlich.<\/p>\n<p>Jegliche Haftung f\u00fcr Sch\u00e4den, die direkt oder indirekt aus der Benutzung dieser Website entstehen, wird ausgeschlossen, soweit diese nicht auf Vorsatz oder grober Fahrl\u00e4ssigkeit beruhen.<\/p>\n<p>Google Analytics:<br \/>\nDiese Website benutzt Google Analytics, einen Webanalysedienst der Google Inc. (\u201cGoogle\u201c). Google Analytics verwendet sog. \u201cCookies\u201c, Textdateien, die auf Ihrem Computer gespeichert werden und die eine Analyse der Benutzung der Website durch Sie erm\u00f6glicht. Die durch den Cookie erzeugten Informationen \u00fcber Ihre Benutzung diese Website (einschlie\u00dflich Ihrer IP-Adresse) wird an einen Server von Google in den USA \u00fcbertragen und dort gespeichert. Google wird diese Informationen benutzen, um Ihre Nutzung der Website auszuwerten, um Reports \u00fcber die Websiteaktivit\u00e4ten f\u00fcr die Websitebetreiber zusammenzustellen und um weitere mit der Websitenutzung und der Internetnutzung verbundene Dienstleistungen zu erbringen. Auch wird Google diese Informationen gegebenenfalls an Dritte \u00fcbertragen, sofern dies gesetzlich vorgeschrieben oder soweit Dritte diese Daten im Auftrag von Google verarbeiten. Google wird in keinem Fall Ihre IP-Adresse mit anderen Daten der Google in Verbindung bringen. Sie k\u00f6nnen die Installation der Cookies durch eine entsprechende Einstellung Ihrer Browser Software verhindern; wir weisen Sie jedoch darauf hin, dass Sie in diesem Fall gegebenenfalls nicht s\u00e4mtliche Funktionen dieser Website voll umf\u00e4nglich nutzen k\u00f6nnen. Durch die Nutzung dieser Website erkl\u00e4ren Sie sich mit der Bearbeitung der \u00fcber Sie erhobenen Daten durch Google in der zuvor beschriebenen Art und Weise und zu dem zuvor benannten Zweck einverstanden.<\/p>\n<\/div>\n<\/div>\n<p>[\/vc_column_text][\/vc_column][\/vc_row][vc_row rt_row_background_width=&#8221;default&#8221; rt_row_style=&#8221;default-style&#8221; rt_row_borders=&#8221;&#8221; rt_row_paddings=&#8221;true&#8221; rt_bg_effect=&#8221;classic&#8221; rt_bg_image_repeat=&#8221;repeat&#8221; rt_bg_size=&#8221;cover&#8221; rt_bg_position=&#8221;right top&#8221; rt_bg_attachment=&#8221;scroll&#8221; rt_bg_video_format=&#8221;self-hosted&#8221;][vc_column rt_bg_image_repeat=&#8221;repeat&#8221; rt_bg_size=&#8221;auto auto&#8221; rt_bg_attachment=&#8221;scroll&#8221;][\/vc_column][\/vc_row]<\/p>\n","protected":false},"excerpt":{"rendered":"<p>[vc_row rt_row_background_width=&#8221;default&#8221; rt_row_style=&#8221;default-style&#8221; rt_row_borders=&#8221;&#8221; rt_row_paddings=&#8221;true&#8221; rt_bg_effect=&#8221;classic&#8221; rt_bg_image_repeat=&#8221;repeat&#8221; rt_bg_size=&#8221;cover&#8221; rt_bg_position=&#8221;right top&#8221; rt_bg_attachment=&#8221;scroll&#8221; rt_bg_video_format=&#8221;self-hosted&#8221;][vc_column rt_bg_image_repeat=&#8221;repeat&#8221; rt_bg_size=&#8221;auto auto&#8221; rt_bg_attachment=&#8221;scroll&#8221;][vc_column_text] A.C.T. Gesundheitspraxis Dr. rer. nat. Anja Twiehaus Strickstr. 1 Uster Mobil 076 \/ 722 29 18 info@act-gesundheitspraxis.ch www.act-gesundheitspraxis.ch \u00a9 Anja Twiehaus |\u00a0A.C.T. Gesundheitspraxis | 2018 Erstellung der Webseite: Sandra Felsch | iXYpsilon &#8211; Webdesign &amp; Programmierung | www.ixypsilon.de Alle [&hellip;]<\/p>\n","protected":false},"author":1,"featured_media":0,"parent":0,"menu_order":0,"comment_status":"open","ping_status":"open","template":"","meta":{"footnotes":""},"class_list":["post-3034","page","type-page","status-publish","hentry"],"_links":{"self":[{"href":"https:\/\/www.act-gesundheitspraxis.ch\/en\/wp-json\/wp\/v2\/pages\/3034","targetHints":{"allow":["GET"]}}],"collection":[{"href":"https:\/\/www.act-gesundheitspraxis.ch\/en\/wp-json\/wp\/v2\/pages"}],"about":[{"href":"https:\/\/www.act-gesundheitspraxis.ch\/en\/wp-json\/wp\/v2\/types\/page"}],"author":[{"embeddable":true,"href":"https:\/\/www.act-gesundheitspraxis.ch\/en\/wp-json\/wp\/v2\/users\/1"}],"replies":[{"embeddable":true,"href":"https:\/\/www.act-gesundheitspraxis.ch\/en\/wp-json\/wp\/v2\/comments?post=3034"}],"version-history":[{"count":10,"href":"https:\/\/www.act-gesundheitspraxis.ch\/en\/wp-json\/wp\/v2\/pages\/3034\/revisions"}],"predecessor-version":[{"id":3391,"href":"https:\/\/www.act-gesundheitspraxis.ch\/en\/wp-json\/wp\/v2\/pages\/3034\/revisions\/3391"}],"wp:attachment":[{"href":"https:\/\/www.act-gesundheitspraxis.ch\/en\/wp-json\/wp\/v2\/media?parent=3034"}],"curies":[{"name":"wp","href":"https:\/\/api.w.org\/{rel}","templated":true}]}}