{"id":7,"date":"2015-02-02T04:30:36","date_gmt":"2015-02-02T04:30:36","guid":{"rendered":"http:\/\/rttheme19.rtthemes.com\/?page_id=7"},"modified":"2017-06-22T19:48:20","modified_gmt":"2017-06-22T17:48:20","slug":"therapieangebot","status":"publish","type":"page","link":"https:\/\/www.act-gesundheitspraxis.ch\/en\/therapieangebot\/","title":{"rendered":"What I offer"},"content":{"rendered":"<p>[vc_row rt_row_background_width=&#8221;default&#8221; rt_row_style=&#8221;default-style&#8221; rt_row_borders=&#8221;&#8221; rt_row_paddings=&#8221;true&#8221; rt_bg_effect=&#8221;classic&#8221; rt_bg_image_repeat=&#8221;repeat&#8221; rt_bg_size=&#8221;cover&#8221; rt_bg_position=&#8221;right top&#8221; rt_bg_attachment=&#8221;scroll&#8221; rt_bg_video_format=&#8221;self-hosted&#8221;][vc_column rt_bg_image_repeat=&#8221;repeat&#8221; rt_bg_size=&#8221;auto auto&#8221; rt_bg_attachment=&#8221;scroll&#8221;]<div class=\"rt_heading_wrapper style-1\">\n\t\t\t\t\t\t<h3 class=\"rt_heading  style-1\" >Traditional European Naturopathy \u2013 TEN<\/h3>\n\t\t\t\t\t<\/div>[vc_column_text]What is TEN?<\/p>\n<p>Traditional European Naturopathy (or Natural Medicine) is a term to describe a heterogenous system of European healing traditions which were also influenced by Middle Eastern Medicine. It was coined towards the end of the last century to set European healing traditions apart from Traditional Chinese Medicine (TCM) and the Indian Ayurveda.<\/p>\n<p>TEN puts the human being in its entirety first and does not focus on symptoms or the labels being given to certain diseases. A gastritis in one person does not necessarily have the same cause as in the next person and thus cannot be treated the same. The aim is to restore the individual\u2019s personal balance. Modern naturopathy combines elements of Traditional European Natural Medicine, Western medicine and folk medicine. It is not about creating a new dogma that only natural remedies can result in healing. Elements of the Western medicine do have their place in naturopathic treatment plans.<\/p>\n<p>&lt;\/&gt;[\/vc_column_text][\/vc_column][\/vc_row][vc_row rt_row_background_width=&#8221;default&#8221; rt_row_style=&#8221;default-style&#8221; rt_row_borders=&#8221;&#8221; rt_overlap=&#8221;true&#8221; rt_row_paddings=&#8221;true&#8221; rt_bg_effect=&#8221;classic&#8221; rt_bg_image_repeat=&#8221;repeat&#8221; rt_bg_size=&#8221;cover&#8221; rt_bg_position=&#8221;right top&#8221; rt_bg_attachment=&#8221;scroll&#8221; rt_bg_video_format=&#8221;self-hosted&#8221;][vc_column rt_bg_image_repeat=&#8221;repeat&#8221; rt_bg_size=&#8221;auto auto&#8221; rt_bg_attachment=&#8221;scroll&#8221;]\n<div id=\"product-dynamicID-463559\" class=\"product_holder product-showcase clearfix  masonry\" data-column-width=\"3\">\n<div class=\"col product_item_holder col-sm-4 isotope-item  therapien\">\n\n<div class=\"product_item_holder\">\n\n\t\t\t<div class=\"featured_image\"> \n\t\t\t<!-- product image -->\n\t\t\t<div class=\"featured_image\"> \n\t\t\t\t<a href=\"https:\/\/www.act-gesundheitspraxis.ch\/en\/product-details\/hand_fingerprint_analyse\/\" title=\"Hand and Fingerprint Analysis\" rel=\"bookmark\" class=\"imgeffect link\"><img decoding=\"async\" src=\"https:\/\/www.act-gesundheitspraxis.ch\/wp-content\/uploads\/2021\/11\/Handanalyse-2-rotated-640x367.jpg\" alt=\"\" class=\"\" \/><\/a> \n\t\t\t<\/div> \n\t\t<\/div> \n\t\n\n\t\n\t\t\t\t\t\t\n\t\t<div class=\"product_info\">\n\n\t\t\t\t\t\t\t\t<!-- title-->\n\t\t\t\t<h5 class=\"clean_heading\"><a href=\"https:\/\/www.act-gesundheitspraxis.ch\/en\/product-details\/hand_fingerprint_analyse\/\" title=\"Hand and Fingerprint Analysis\" rel=\"bookmark\">Hand and Fingerprint Analysis<\/a><\/h5>\n\t\t\t\t\n\t\t\t\t<!-- text-->\n\t\t\t\t<p>Die Fingerabdr\u00fccke bilden sich schon lange vor der Geburt eines Menschen und bleiben ein Leben lang gleich. Sie geben Aufschluss \u00fcber die Themen unseres Lebens.<\/p>\n\t\t\t\t<div class=\"product_info_footer clearfix\"><div class=\"action_buttons\"><a href=\"https:\/\/www.act-gesundheitspraxis.ch\/en\/product-details\/hand_fingerprint_analyse\/\" title=\"Hand and Fingerprint Analysis\" class=\"details icon-angle-right\">Details<\/a><\/div><\/div> \t\t\n\n\t\t<\/div>\n\t\t\n\n\t\n<\/div><\/div>\n<div class=\"col product_item_holder col-sm-4 isotope-item  therapien\">\n\n<div class=\"product_item_holder\">\n\n\t\t\t<div class=\"featured_image\"> \n\t\t\t<!-- product image -->\n\t\t\t<div class=\"featured_image\"> \n\t\t\t\t<a href=\"https:\/\/www.act-gesundheitspraxis.ch\/en\/product-details\/meridiantherapie\/\" title=\"Meridian Therapy\" rel=\"bookmark\" class=\"imgeffect link\"><img decoding=\"async\" src=\"https:\/\/www.act-gesundheitspraxis.ch\/wp-content\/uploads\/2018\/06\/Meridiane-2.jpg\" alt=\"\" class=\"\" \/><\/a> \n\t\t\t<\/div> \n\t\t<\/div> \n\t\n\n\t\n\t\t\t\t\t\t\n\t\t<div class=\"product_info\">\n\n\t\t\t\t\t\t\t\t<!-- title-->\n\t\t\t\t<h5 class=\"clean_heading\"><a href=\"https:\/\/www.act-gesundheitspraxis.ch\/en\/product-details\/meridiantherapie\/\" title=\"Meridian Therapy\" rel=\"bookmark\">Meridian Therapy<\/a><\/h5>\n\t\t\t\t\n\t\t\t\t<!-- text-->\n\t\t\t\t<p>Meridiane sind Energiebahnen, die den K\u00f6rper subkutan durchziehen. Die Energie zirkuliert einmal pro Tag durch den gesamten K\u00f6rper entlang der K\u00f6rpermeridiane. <\/p>\n\t\t\t\t<div class=\"product_info_footer clearfix\"><div class=\"action_buttons\"><a href=\"https:\/\/www.act-gesundheitspraxis.ch\/en\/product-details\/meridiantherapie\/\" title=\"Meridian Therapy\" class=\"details icon-angle-right\">Details<\/a><\/div><\/div> \t\t\n\n\t\t<\/div>\n\t\t\n\n\t\n<\/div><\/div>\n<div class=\"col product_item_holder col-sm-4 isotope-item  therapien\">\n\n<div class=\"product_item_holder\">\n\n\t\t\t<div class=\"featured_image\"> \n\t\t\t<!-- product image -->\n\t\t\t<div class=\"featured_image\"> \n\t\t\t\t<a href=\"https:\/\/www.act-gesundheitspraxis.ch\/en\/product-details\/energetische_desensibilisierung\/\" title=\"Energetic Desensitization\" rel=\"bookmark\" class=\"imgeffect link\"><img decoding=\"async\" src=\"https:\/\/www.act-gesundheitspraxis.ch\/wp-content\/uploads\/2018\/06\/Allergie-2-1.jpg\" alt=\"\" class=\"\" \/><\/a> \n\t\t\t<\/div> \n\t\t<\/div> \n\t\n\n\t\n\t\t\t\t\t\t\n\t\t<div class=\"product_info\">\n\n\t\t\t\t\t\t\t\t<!-- title-->\n\t\t\t\t<h5 class=\"clean_heading\"><a href=\"https:\/\/www.act-gesundheitspraxis.ch\/en\/product-details\/energetische_desensibilisierung\/\" title=\"Energetic Desensitization\" rel=\"bookmark\">Energetic Desensitization<\/a><\/h5>\n\t\t\t\t\n\t\t\t\t<!-- text-->\n\t\t\t\t<p>Die Energetische Desensibilisierung hilft dem K\u00f6rper, Stoffe als harmlos zu akzeptieren, auf die er vorher mit einer \u00fcberschiessenden Immunreaktion geantwortet hat.<\/p>\n\t\t\t\t<div class=\"product_info_footer clearfix\"><div class=\"action_buttons\"><a href=\"https:\/\/www.act-gesundheitspraxis.ch\/en\/product-details\/energetische_desensibilisierung\/\" title=\"Energetic Desensitization\" class=\"details icon-angle-right\">Details<\/a><\/div><\/div> \t\t\n\n\t\t<\/div>\n\t\t\n\n\t\n<\/div><\/div>\n<div class=\"col product_item_holder col-sm-4 isotope-item  therapien\">\n\n<div class=\"product_item_holder\">\n\n\t\t\t<div class=\"featured_image\"> \n\t\t\t<!-- product image -->\n\t\t\t<div class=\"featured_image\"> \n\t\t\t\t<a href=\"https:\/\/www.act-gesundheitspraxis.ch\/en\/product-details\/darmsanierung\/\" title=\"Colon cleansing\/stabilization\" rel=\"bookmark\" class=\"imgeffect link\"><img decoding=\"async\" src=\"https:\/\/www.act-gesundheitspraxis.ch\/wp-content\/uploads\/2017\/05\/Darmsanierung-640x829.png\" alt=\"\" class=\"\" \/><\/a> \n\t\t\t<\/div> \n\t\t<\/div> \n\t\n\n\t\n\t\t\t\t\t\t\n\t\t<div class=\"product_info\">\n\n\t\t\t\t\t\t\t\t<!-- title-->\n\t\t\t\t<h5 class=\"clean_heading\"><a href=\"https:\/\/www.act-gesundheitspraxis.ch\/en\/product-details\/darmsanierung\/\" title=\"Colon cleansing\/stabilization\" rel=\"bookmark\">Colon cleansing\/stabilization<\/a><\/h5>\n\t\t\t\t\n\t\t\t\t<!-- text-->\n\t\t\t\t<p>Der Darm ist essentiell f\u00fcr unsere Gesundheit.<\/p>\n\t\t\t\t<div class=\"product_info_footer clearfix\"><div class=\"action_buttons\"><a href=\"https:\/\/www.act-gesundheitspraxis.ch\/en\/product-details\/darmsanierung\/\" title=\"Colon cleansing\/stabilization\" class=\"details icon-angle-right\">Details<\/a><\/div><\/div> \t\t\n\n\t\t<\/div>\n\t\t\n\n\t\n<\/div><\/div>\n<div class=\"col product_item_holder col-sm-4 isotope-item  therapien\">\n\n<div class=\"product_item_holder\">\n\n\t\t\t<div class=\"featured_image\"> \n\t\t\t<!-- product image -->\n\t\t\t<div class=\"featured_image\"> \n\t\t\t\t<a href=\"https:\/\/www.act-gesundheitspraxis.ch\/en\/product-details\/fussreflexzonen\/\" title=\"Reflexology\" rel=\"bookmark\" class=\"imgeffect link\"><img decoding=\"async\" src=\"https:\/\/www.act-gesundheitspraxis.ch\/wp-content\/uploads\/2017\/05\/FRZ-Bild-640x743.jpg\" alt=\"\" class=\"\" \/><\/a> \n\t\t\t<\/div> \n\t\t<\/div> \n\t\n\n\t\n\t\t\t\t\t\t\n\t\t<div class=\"product_info\">\n\n\t\t\t\t\t\t\t\t<!-- title-->\n\t\t\t\t<h5 class=\"clean_heading\"><a href=\"https:\/\/www.act-gesundheitspraxis.ch\/en\/product-details\/fussreflexzonen\/\" title=\"Reflexology\" rel=\"bookmark\">Reflexology<\/a><\/h5>\n\t\t\t\t\n\t\t\t\t<!-- text-->\n\t\t\t\t<p>Die Reflexzonentherapie wirkt allgemein entspannend, lindert Stress und stressbedingte Symptome und sie f\u00f6rdert die gesundheitliche Balance, tiefe Atmung und erholsamen Schlaf.<\/p>\n\t\t\t\t<div class=\"product_info_footer clearfix\"><div class=\"action_buttons\"><a href=\"https:\/\/www.act-gesundheitspraxis.ch\/en\/product-details\/fussreflexzonen\/\" title=\"Reflexology\" class=\"details icon-angle-right\">Details<\/a><\/div><\/div> \t\t\n\n\t\t<\/div>\n\t\t\n\n\t\n<\/div><\/div>\n<div class=\"col product_item_holder col-sm-4 isotope-item  therapien\">\n\n<div class=\"product_item_holder\">\n\n\t\t\t<div class=\"featured_image\"> \n\t\t\t<!-- product image -->\n\t\t\t<div class=\"featured_image\"> \n\t\t\t\t<a href=\"https:\/\/www.act-gesundheitspraxis.ch\/en\/product-details\/phytotherapie\/\" title=\"Phytotherapy\" rel=\"bookmark\" class=\"imgeffect link\"><img decoding=\"async\" src=\"https:\/\/www.act-gesundheitspraxis.ch\/wp-content\/uploads\/2016\/06\/Phyto-Frauenmantel-1-640x512.jpg\" alt=\"\" class=\"\" \/><\/a> \n\t\t\t<\/div> \n\t\t<\/div> \n\t\n\n\t\n\t\t\t\t\t\t\n\t\t<div class=\"product_info\">\n\n\t\t\t\t\t\t\t\t<!-- title-->\n\t\t\t\t<h5 class=\"clean_heading\"><a href=\"https:\/\/www.act-gesundheitspraxis.ch\/en\/product-details\/phytotherapie\/\" title=\"Phytotherapy\" rel=\"bookmark\">Phytotherapy<\/a><\/h5>\n\t\t\t\t\n\t\t\t\t<!-- text-->\n\t\t\t\t<p>In der Phytotherapie setzt man Pflanzen, deren Teile oder Bestandteile (z.B. \u00e4therische \u00d6le) ein, um Krankheiten vorzubeugen oder zu behandeln. <\/p>\n\t\t\t\t<div class=\"product_info_footer clearfix\"><div class=\"action_buttons\"><a href=\"https:\/\/www.act-gesundheitspraxis.ch\/en\/product-details\/phytotherapie\/\" title=\"Phytotherapy\" class=\"details icon-angle-right\">Details<\/a><\/div><\/div> \t\t\n\n\t\t<\/div>\n\t\t\n\n\t\n<\/div><\/div>\n<div class=\"col product_item_holder col-sm-4 isotope-item  therapien\">\n\n<div class=\"product_item_holder\">\n\n\t\t\t<div class=\"featured_image\"> \n\t\t\t<!-- product image -->\n\t\t\t<div class=\"featured_image\"> \n\t\t\t\t<a href=\"https:\/\/www.act-gesundheitspraxis.ch\/en\/product-details\/klassische-massage\/\" title=\"Classic massage\" rel=\"bookmark\" class=\"imgeffect link\"><img decoding=\"async\" src=\"https:\/\/www.act-gesundheitspraxis.ch\/wp-content\/uploads\/2016\/06\/Massage-640x640.jpg\" alt=\"\" class=\"\" \/><\/a> \n\t\t\t<\/div> \n\t\t<\/div> \n\t\n\n\t\n\t\t\t\t\t\t\n\t\t<div class=\"product_info\">\n\n\t\t\t\t\t\t\t\t<!-- title-->\n\t\t\t\t<h5 class=\"clean_heading\"><a href=\"https:\/\/www.act-gesundheitspraxis.ch\/en\/product-details\/klassische-massage\/\" title=\"Classic massage\" rel=\"bookmark\">Classic massage<\/a><\/h5>\n\t\t\t\t\n\t\t\t\t<!-- text-->\n\t\t\t\t<p>Die Massage zielt darauf, mit Hilfe mechanischer Reize Einfluss auf den Bewegungsapparat zu nehmen. Die Durchblutung der Muskulatur und die Elastizit\u00e4t der B\u00e4nder und Sehnen werden gef\u00f6rdert. <\/p>\n\t\t\t\t<div class=\"product_info_footer clearfix\"><div class=\"action_buttons\"><a href=\"https:\/\/www.act-gesundheitspraxis.ch\/en\/product-details\/klassische-massage\/\" title=\"Classic massage\" class=\"details icon-angle-right\">Details<\/a><\/div><\/div> \t\t\n\n\t\t<\/div>\n\t\t\n\n\t\n<\/div><\/div>\n<div class=\"col product_item_holder col-sm-4 isotope-item  therapien\">\n\n<div class=\"product_item_holder\">\n\n\t\t\t<div class=\"featured_image\"> \n\t\t\t<!-- product image -->\n\t\t\t<div class=\"featured_image\"> \n\t\t\t\t<a href=\"https:\/\/www.act-gesundheitspraxis.ch\/en\/product-details\/dorntherapie\/\" title=\"Dorn method\" rel=\"bookmark\" class=\"imgeffect link\"><img decoding=\"async\" src=\"https:\/\/www.act-gesundheitspraxis.ch\/wp-content\/uploads\/2016\/06\/Dornen-4-640x540.jpg\" alt=\"\" class=\"\" \/><\/a> \n\t\t\t<\/div> \n\t\t<\/div> \n\t\n\n\t\n\t\t\t\t\t\t\n\t\t<div class=\"product_info\">\n\n\t\t\t\t\t\t\t\t<!-- title-->\n\t\t\t\t<h5 class=\"clean_heading\"><a href=\"https:\/\/www.act-gesundheitspraxis.ch\/en\/product-details\/dorntherapie\/\" title=\"Dorn method\" rel=\"bookmark\">Dorn method<\/a><\/h5>\n\t\t\t\t\n\t\t\t\t<!-- text-->\n\t\t\t\t<p>Bei dieser Therapie werden Gelenke in ihre physiologische Position geschoben, unter aktiver Mithilfe des Klienten.<\/p>\n\t\t\t\t<div class=\"product_info_footer clearfix\"><div class=\"action_buttons\"><a href=\"https:\/\/www.act-gesundheitspraxis.ch\/en\/product-details\/dorntherapie\/\" title=\"Dorn method\" class=\"details icon-angle-right\">Details<\/a><\/div><\/div> \t\t\n\n\t\t<\/div>\n\t\t\n\n\t\n<\/div><\/div>\n<div class=\"col product_item_holder col-sm-4 isotope-item  therapien\">\n\n<div class=\"product_item_holder\">\n\n\t\t\t<div class=\"featured_image\"> \n\t\t\t<!-- product image -->\n\t\t\t<div class=\"featured_image\"> \n\t\t\t\t<a href=\"https:\/\/www.act-gesundheitspraxis.ch\/en\/product-details\/schuessler-salze\/\" title=\"Schuessler Salts\" rel=\"bookmark\" class=\"imgeffect link\"><img decoding=\"async\" src=\"https:\/\/www.act-gesundheitspraxis.ch\/wp-content\/uploads\/2016\/06\/Schu\u00a6\u00eassler-640x480.jpg\" alt=\"\" class=\"\" \/><\/a> \n\t\t\t<\/div> \n\t\t<\/div> \n\t\n\n\t\n\t\t\t\t\t\t\n\t\t<div class=\"product_info\">\n\n\t\t\t\t\t\t\t\t<!-- title-->\n\t\t\t\t<h5 class=\"clean_heading\"><a href=\"https:\/\/www.act-gesundheitspraxis.ch\/en\/product-details\/schuessler-salze\/\" title=\"Schuessler Salts\" rel=\"bookmark\">Schuessler Salts<\/a><\/h5>\n\t\t\t\t\n\t\t\t\t<!-- text-->\n\t\t\t\t<p>Der Arzt Wilhelm Sch\u00fcssler (1821 bis 1898) nannte seine Heilmethode \u00abBiochemie\u00bb, weil seiner Ansicht nach Krankheiten entstehen, wenn es dem K\u00f6rper an bestimmten Mineralien mangelt. Die Zufuhr der fehlenden Mineralien soll den Stoffwechsel normalisieren und Funktionen optimieren. <\/p>\n\t\t\t\t<div class=\"product_info_footer clearfix\"><div class=\"action_buttons\"><a href=\"https:\/\/www.act-gesundheitspraxis.ch\/en\/product-details\/schuessler-salze\/\" title=\"Schuessler Salts\" class=\"details icon-angle-right\">Details<\/a><\/div><\/div> \t\t\n\n\t\t<\/div>\n\t\t\n\n\t\n<\/div><\/div>\n<div class=\"col product_item_holder col-sm-4 isotope-item  therapien\">\n\n<div class=\"product_item_holder\">\n\n\t\t\t<div class=\"featured_image\"> \n\t\t\t<!-- product image -->\n\t\t\t<div class=\"featured_image\"> \n\t\t\t\t<a href=\"https:\/\/www.act-gesundheitspraxis.ch\/en\/product-details\/vitalstoffe\/\" title=\"Vital nutrients\" rel=\"bookmark\" class=\"imgeffect link\"><img decoding=\"async\" src=\"https:\/\/www.act-gesundheitspraxis.ch\/wp-content\/uploads\/2016\/06\/Vitalstoffe-2-640x480.jpg\" alt=\"\" class=\"\" \/><\/a> \n\t\t\t<\/div> \n\t\t<\/div> \n\t\n\n\t\n\t\t\t\t\t\t\n\t\t<div class=\"product_info\">\n\n\t\t\t\t\t\t\t\t<!-- title-->\n\t\t\t\t<h5 class=\"clean_heading\"><a href=\"https:\/\/www.act-gesundheitspraxis.ch\/en\/product-details\/vitalstoffe\/\" title=\"Vital nutrients\" rel=\"bookmark\">Vital nutrients<\/a><\/h5>\n\t\t\t\t\n\t\t\t\t<!-- text-->\n\t\t\t\t<p>Unsere heutige Ern\u00e4hrung und unsere Essgewohnheiten f\u00fchren oftmals zu einem Mangel an Vitalstoffen.<\/p>\n\t\t\t\t<div class=\"product_info_footer clearfix\"><div class=\"action_buttons\"><a href=\"https:\/\/www.act-gesundheitspraxis.ch\/en\/product-details\/vitalstoffe\/\" title=\"Vital nutrients\" class=\"details icon-angle-right\">Details<\/a><\/div><\/div> \t\t\n\n\t\t<\/div>\n\t\t\n\n\t\n<\/div><\/div>\n<div class=\"col product_item_holder col-sm-4 isotope-item  therapien\">\n\n<div class=\"product_item_holder\">\n\n\t\t\t<div class=\"featured_image\"> \n\t\t\t<!-- product image -->\n\t\t\t<div class=\"featured_image\"> \n\t\t\t\t<a href=\"https:\/\/www.act-gesundheitspraxis.ch\/en\/product-details\/diaetetik\/\" title=\"Dietetics\" rel=\"bookmark\" class=\"imgeffect link\"><img decoding=\"async\" src=\"https:\/\/www.act-gesundheitspraxis.ch\/wp-content\/uploads\/2016\/06\/Dia\u00a6\u00eatetik-1-640x524.jpg\" alt=\"\" class=\"\" \/><\/a> \n\t\t\t<\/div> \n\t\t<\/div> \n\t\n\n\t\n\t\t\t\t\t\t\n\t\t<div class=\"product_info\">\n\n\t\t\t\t\t\t\t\t<!-- title-->\n\t\t\t\t<h5 class=\"clean_heading\"><a href=\"https:\/\/www.act-gesundheitspraxis.ch\/en\/product-details\/diaetetik\/\" title=\"Dietetics\" rel=\"bookmark\">Dietetics<\/a><\/h5>\n\t\t\t\t\n\t\t\t\t<!-- text-->\n\t\t\t\t<p>Di\u00e4tetik kommt vom griechischen Wort \u2018diaita\u2019 und bedeutet \u2018Lebensweise\u2019. Wenn man heute von Di\u00e4tetik spricht, meint man meistens nur die Ern\u00e4hrung. Aber \u2018diaita\u2019 ist mehr als nur Ern\u00e4hrung.<\/p>\n\t\t\t\t<div class=\"product_info_footer clearfix\"><div class=\"action_buttons\"><a href=\"https:\/\/www.act-gesundheitspraxis.ch\/en\/product-details\/diaetetik\/\" title=\"Dietetics\" class=\"details icon-angle-right\">Details<\/a><\/div><\/div> \t\t\n\n\t\t<\/div>\n\t\t\n\n\t\n<\/div><\/div>\n<div class=\"col product_item_holder col-sm-4 isotope-item  therapien\">\n\n<div class=\"product_item_holder\">\n\n\t\t\t<div class=\"featured_image\"> \n\t\t\t<!-- product image -->\n\t\t\t<div class=\"featured_image\"> \n\t\t\t\t<a href=\"https:\/\/www.act-gesundheitspraxis.ch\/en\/product-details\/reiki\/\" title=\"Reiki\" rel=\"bookmark\" class=\"imgeffect link\"><img decoding=\"async\" src=\"https:\/\/www.act-gesundheitspraxis.ch\/wp-content\/uploads\/2016\/06\/Reiki-640x424.jpg\" alt=\"\" class=\"\" \/><\/a> \n\t\t\t<\/div> \n\t\t<\/div> \n\t\n\n\t\n\t\t\t\t\t\t\n\t\t<div class=\"product_info\">\n\n\t\t\t\t\t\t\t\t<!-- title-->\n\t\t\t\t<h5 class=\"clean_heading\"><a href=\"https:\/\/www.act-gesundheitspraxis.ch\/en\/product-details\/reiki\/\" title=\"Reiki\" rel=\"bookmark\">Reiki<\/a><\/h5>\n\t\t\t\t\n\t\t\t\t<!-- text-->\n\t\t\t\t<p>Reiki ist eine Energieheilmethode, die Selbstheilungskr\u00e4fte eines Menschen zu aktivieren.<\/p>\n\t\t\t\t<div class=\"product_info_footer clearfix\"><div class=\"action_buttons\"><a href=\"https:\/\/www.act-gesundheitspraxis.ch\/en\/product-details\/reiki\/\" title=\"Reiki\" class=\"details icon-angle-right\">Details<\/a><\/div><\/div> \t\t\n\n\t\t<\/div>\n\t\t\n\n\t\n<\/div><\/div>\n<div class=\"col product_item_holder col-sm-4 isotope-item  therapien\">\n\n<div class=\"product_item_holder\">\n\n\t\t\t<div class=\"featured_image\"> \n\t\t\t<!-- product image -->\n\t\t\t<div class=\"featured_image\"> \n\t\t\t\t<a href=\"https:\/\/www.act-gesundheitspraxis.ch\/en\/product-details\/farblichtakupunktur\/\" title=\"Coloured light acupuncture\" rel=\"bookmark\" class=\"imgeffect link\"><img decoding=\"async\" src=\"https:\/\/www.act-gesundheitspraxis.ch\/wp-content\/uploads\/2016\/06\/Farblichtakupunktur-3-640x1138.jpg\" alt=\"\" class=\"\" \/><\/a> \n\t\t\t<\/div> \n\t\t<\/div> \n\t\n\n\t\n\t\t\t\t\t\t\n\t\t<div class=\"product_info\">\n\n\t\t\t\t\t\t\t\t<!-- title-->\n\t\t\t\t<h5 class=\"clean_heading\"><a href=\"https:\/\/www.act-gesundheitspraxis.ch\/en\/product-details\/farblichtakupunktur\/\" title=\"Coloured light acupuncture\" rel=\"bookmark\">Coloured light acupuncture<\/a><\/h5>\n\t\t\t\t\n\t\t\t\t<!-- text-->\n\t\t\t\t<p>Das Licht hat nicht nur eine Farbe sondern auch \u00fcber seine definierte Schwingung eine definierte Energie. Diese Energie kann man einsetzen, um Vorg\u00e4nge im K\u00f6rper sanft zu harmonisieren. Dabei wir die Informations\u00fcbertragung im K\u00f6rper beeinflusst und ausgeglichen.<\/p>\n\t\t\t\t<div class=\"product_info_footer clearfix\"><div class=\"action_buttons\"><a href=\"https:\/\/www.act-gesundheitspraxis.ch\/en\/product-details\/farblichtakupunktur\/\" title=\"Coloured light acupuncture\" class=\"details icon-angle-right\">Details<\/a><\/div><\/div> \t\t\n\n\t\t<\/div>\n\t\t\n\n\t\n<\/div><\/div>\n<div class=\"col product_item_holder col-sm-4 isotope-item  therapien\">\n\n<div class=\"product_item_holder\">\n\n\t\t\t<div class=\"featured_image\"> \n\t\t\t<!-- product image -->\n\t\t\t<div class=\"featured_image\"> \n\t\t\t\t<a href=\"https:\/\/www.act-gesundheitspraxis.ch\/en\/product-details\/kolonmassage\/\" title=\"Colon massage\" rel=\"bookmark\" class=\"imgeffect link\"><img decoding=\"async\" src=\"https:\/\/www.act-gesundheitspraxis.ch\/wp-content\/uploads\/2016\/06\/Kolonmassage-640x729.jpg\" alt=\"\" class=\"\" \/><\/a> \n\t\t\t<\/div> \n\t\t<\/div> \n\t\n\n\t\n\t\t\t\t\t\t\n\t\t<div class=\"product_info\">\n\n\t\t\t\t\t\t\t\t<!-- title-->\n\t\t\t\t<h5 class=\"clean_heading\"><a href=\"https:\/\/www.act-gesundheitspraxis.ch\/en\/product-details\/kolonmassage\/\" title=\"Colon massage\" rel=\"bookmark\">Colon massage<\/a><\/h5>\n\t\t\t\t\n\t\t\t\t<!-- text-->\n\t\t\t\t<p>Bei der Kolonmassage wird der Dickdarm durch die Bauchdecke hindurch massiert. Sie beeinflusst Spannungszustand, Blutzirkulation und Bewegungsfunktion der Bauchorgane. <\/p>\n\t\t\t\t<div class=\"product_info_footer clearfix\"><div class=\"action_buttons\"><a href=\"https:\/\/www.act-gesundheitspraxis.ch\/en\/product-details\/kolonmassage\/\" title=\"Colon massage\" class=\"details icon-angle-right\">Details<\/a><\/div><\/div> \t\t\n\n\t\t<\/div>\n\t\t\n\n\t\n<\/div><\/div>\n<div class=\"col product_item_holder col-sm-4 isotope-item  therapien\">\n\n<div class=\"product_item_holder\">\n\n\t\t\t<div class=\"featured_image\"> \n\t\t\t<!-- product image -->\n\t\t\t<div class=\"featured_image\"> \n\t\t\t\t<a href=\"https:\/\/www.act-gesundheitspraxis.ch\/en\/product-details\/aus-und-ableitende-verfahren\/\" title=\"Detoxyfying\/cleansing procedures\" rel=\"bookmark\" class=\"imgeffect link\"><img decoding=\"async\" src=\"https:\/\/www.act-gesundheitspraxis.ch\/wp-content\/uploads\/2015\/02\/Schro\u00a6\u00eapfen-640x307.jpg\" alt=\"\" class=\"\" \/><\/a> \n\t\t\t<\/div> \n\t\t<\/div> \n\t\n\n\t\n\t\t\t\t\t\t\n\t\t<div class=\"product_info\">\n\n\t\t\t\t\t\t\t\t<!-- title-->\n\t\t\t\t<h5 class=\"clean_heading\"><a href=\"https:\/\/www.act-gesundheitspraxis.ch\/en\/product-details\/aus-und-ableitende-verfahren\/\" title=\"Detoxyfying\/cleansing procedures\" rel=\"bookmark\">Detoxyfying\/cleansing procedures<\/a><\/h5>\n\t\t\t\t\n\t\t\t\t<!-- text-->\n\t\t\t\t<p>\u201cFindest Du einen Schmerz an einem Ort, so wisse, dass die Natur an diesem Ort eine Austrittstelle haben will.\u201d - Paracelsus<\/p>\n\t\t\t\t<div class=\"product_info_footer clearfix\"><div class=\"action_buttons\"><a href=\"https:\/\/www.act-gesundheitspraxis.ch\/en\/product-details\/aus-und-ableitende-verfahren\/\" title=\"Detoxyfying\/cleansing procedures\" class=\"details icon-angle-right\">Details<\/a><\/div><\/div> \t\t\n\n\t\t<\/div>\n\t\t\n\n\t\n<\/div><\/div>\n<div class=\"col product_item_holder col-sm-4 isotope-item  therapien\">\n\n<div class=\"product_item_holder\">\n\n\t\t\t<div class=\"featured_image\"> \n\t\t\t<!-- product image -->\n\t\t\t<div class=\"featured_image\"> \n\t\t\t\t<a href=\"https:\/\/www.act-gesundheitspraxis.ch\/en\/product-details\/verfahren\/\" title=\"Hydrotherapy\" rel=\"bookmark\" class=\"imgeffect link\"><img decoding=\"async\" src=\"https:\/\/www.act-gesundheitspraxis.ch\/wp-content\/uploads\/2016\/06\/Hydrotherapie-1.jpg\" alt=\"\" class=\"\" \/><\/a> \n\t\t\t<\/div> \n\t\t<\/div> \n\t\n\n\t\n\t\t\t\t\t\t\n\t\t<div class=\"product_info\">\n\n\t\t\t\t\t\t\t\t<!-- title-->\n\t\t\t\t<h5 class=\"clean_heading\"><a href=\"https:\/\/www.act-gesundheitspraxis.ch\/en\/product-details\/verfahren\/\" title=\"Hydrotherapy\" rel=\"bookmark\">Hydrotherapy<\/a><\/h5>\n\t\t\t\t\n\t\t\t\t<!-- text-->\n\t\t\t\t<p>Die Hydrotherapie setzt Reize (kalt, warm, Wechselanwendungen) und hat den Effekt einer unspezifischen Abwehrsteigerung und einer vegetativen Stabilisierung.<\/p>\n\t\t\t\t<div class=\"product_info_footer clearfix\"><div class=\"action_buttons\"><a href=\"https:\/\/www.act-gesundheitspraxis.ch\/en\/product-details\/verfahren\/\" title=\"Hydrotherapy\" class=\"details icon-angle-right\">Details<\/a><\/div><\/div> \t\t\n\n\t\t<\/div>\n\t\t\n\n\t\n<\/div><\/div>\n<\/div>\n[\/vc_column][\/vc_row]<\/p>","protected":false},"excerpt":{"rendered":"<p>[vc_row rt_row_background_width=&#8221;default&#8221; rt_row_style=&#8221;default-style&#8221; rt_row_borders=&#8221;&#8221; rt_row_paddings=&#8221;true&#8221; rt_bg_effect=&#8221;classic&#8221; rt_bg_image_repeat=&#8221;repeat&#8221; rt_bg_size=&#8221;cover&#8221; rt_bg_position=&#8221;right top&#8221; rt_bg_attachment=&#8221;scroll&#8221; rt_bg_video_format=&#8221;self-hosted&#8221;][vc_column rt_bg_image_repeat=&#8221;repeat&#8221; rt_bg_size=&#8221;auto auto&#8221; rt_bg_attachment=&#8221;scroll&#8221;][vc_column_text]What is TEN? Traditional European Naturopathy (or Natural Medicine) is a term to describe a heterogenous system of European healing traditions which were also influenced by Middle Eastern Medicine. It was coined towards the end of the last century to [&hellip;]<\/p>\n","protected":false},"author":1,"featured_media":0,"parent":0,"menu_order":0,"comment_status":"open","ping_status":"open","template":"","meta":{"footnotes":""},"class_list":["post-7","page","type-page","status-publish","hentry"],"_links":{"self":[{"href":"https:\/\/www.act-gesundheitspraxis.ch\/en\/wp-json\/wp\/v2\/pages\/7","targetHints":{"allow":["GET"]}}],"collection":[{"href":"https:\/\/www.act-gesundheitspraxis.ch\/en\/wp-json\/wp\/v2\/pages"}],"about":[{"href":"https:\/\/www.act-gesundheitspraxis.ch\/en\/wp-json\/wp\/v2\/types\/page"}],"author":[{"embeddable":true,"href":"https:\/\/www.act-gesundheitspraxis.ch\/en\/wp-json\/wp\/v2\/users\/1"}],"replies":[{"embeddable":true,"href":"https:\/\/www.act-gesundheitspraxis.ch\/en\/wp-json\/wp\/v2\/comments?post=7"}],"version-history":[{"count":14,"href":"https:\/\/www.act-gesundheitspraxis.ch\/en\/wp-json\/wp\/v2\/pages\/7\/revisions"}],"predecessor-version":[{"id":3227,"href":"https:\/\/www.act-gesundheitspraxis.ch\/en\/wp-json\/wp\/v2\/pages\/7\/revisions\/3227"}],"wp:attachment":[{"href":"https:\/\/www.act-gesundheitspraxis.ch\/en\/wp-json\/wp\/v2\/media?parent=7"}],"curies":[{"name":"wp","href":"https:\/\/api.w.org\/{rel}","templated":true}]}}